{"id":63,"date":"2023-07-07T14:19:40","date_gmt":"2023-07-07T14:19:40","guid":{"rendered":"https:\/\/bootcamp.invest-e-capital.com\/?page_id=63"},"modified":"2023-09-17T10:48:05","modified_gmt":"2023-09-17T10:48:05","slug":"contact-us","status":"publish","type":"page","link":"https:\/\/bootcamp.invest-e-capital.com\/?page_id=63","title":{"rendered":"Pr\u00f3ximo evento"},"content":{"rendered":"\t\t<div data-elementor-type=\"wp-page\" data-elementor-id=\"63\" class=\"elementor elementor-63\" data-elementor-post-type=\"page\">\n\t\t\t\t\t\t<section class=\"elementor-section elementor-top-section elementor-element elementor-element-613c3ede elementor-section-height-min-height elementor-section-boxed elementor-section-height-default elementor-section-items-middle\" data-id=\"613c3ede\" data-element_type=\"section\" data-settings=\"{&quot;background_background&quot;:&quot;classic&quot;}\">\n\t\t\t\t\t\t\t<div class=\"elementor-background-overlay\"><\/div>\n\t\t\t\t\t\t\t<div class=\"elementor-container elementor-column-gap-default\">\n\t\t\t\t\t<div class=\"elementor-column elementor-col-100 elementor-top-column elementor-element elementor-element-4f3d7f90\" data-id=\"4f3d7f90\" data-element_type=\"column\" data-settings=\"{&quot;background_background&quot;:&quot;classic&quot;}\">\n\t\t\t<div class=\"elementor-widget-wrap\">\n\t\t\t\t\t\t\t<\/div>\n\t\t<\/div>\n\t\t\t\t\t<\/div>\n\t\t<\/section>\n\t\t\t\t<section class=\"elementor-section elementor-top-section elementor-element elementor-element-150391d0 elementor-section-height-min-height elementor-section-items-stretch elementor-section-boxed elementor-section-height-default\" data-id=\"150391d0\" data-element_type=\"section\">\n\t\t\t\t\t\t<div class=\"elementor-container elementor-column-gap-default\">\n\t\t\t\t\t<div class=\"elementor-column elementor-col-100 elementor-top-column elementor-element elementor-element-2cf170d9\" data-id=\"2cf170d9\" data-element_type=\"column\" data-settings=\"{&quot;background_background&quot;:&quot;classic&quot;}\">\n\t\t\t<div class=\"elementor-widget-wrap elementor-element-populated\">\n\t\t\t\t\t\t<div class=\"elementor-element elementor-element-6af6ebc9 elementor-widget elementor-widget-heading\" data-id=\"6af6ebc9\" data-element_type=\"widget\" data-widget_type=\"heading.default\">\n\t\t\t\t<div class=\"elementor-widget-container\">\n\t\t\t<style>\/*! elementor - v3.19.0 - 05-02-2024 *\/\n.elementor-heading-title{padding:0;margin:0;line-height:1}.elementor-widget-heading .elementor-heading-title[class*=elementor-size-]>a{color:inherit;font-size:inherit;line-height:inherit}.elementor-widget-heading .elementor-heading-title.elementor-size-small{font-size:15px}.elementor-widget-heading .elementor-heading-title.elementor-size-medium{font-size:19px}.elementor-widget-heading .elementor-heading-title.elementor-size-large{font-size:29px}.elementor-widget-heading .elementor-heading-title.elementor-size-xl{font-size:39px}.elementor-widget-heading .elementor-heading-title.elementor-size-xxl{font-size:59px}<\/style><h1 class=\"elementor-heading-title elementor-size-default\">El evento ha finalizado<\/h1>\t\t<\/div>\n\t\t\t\t<\/div>\n\t\t\t\t<div class=\"elementor-element elementor-element-444d221c elementor-widget elementor-widget-heading\" data-id=\"444d221c\" data-element_type=\"widget\" data-widget_type=\"heading.default\">\n\t\t\t\t<div class=\"elementor-widget-container\">\n\t\t\t<h3 class=\"elementor-heading-title elementor-size-default\">puedes obtener la grabaci\u00f3n completa ahora por tiempo limitado<\/h3>\t\t<\/div>\n\t\t\t\t<\/div>\n\t\t\t\t<div class=\"elementor-element elementor-element-cd353f4 elementor-align-center elementor-widget elementor-widget-button\" data-id=\"cd353f4\" data-element_type=\"widget\" data-widget_type=\"button.default\">\n\t\t\t\t<div class=\"elementor-widget-container\">\n\t\t\t\t\t<div class=\"elementor-button-wrapper\">\n\t\t\t<a class=\"elementor-button elementor-button-link elementor-size-sm\" href=\"#\">\n\t\t\t\t\t\t<span class=\"elementor-button-content-wrapper\">\n\t\t\t\t\t\t<span class=\"elementor-button-text\">Obtener grabaci\u00f3n<\/span>\n\t\t<\/span>\n\t\t\t\t\t<\/a>\n\t\t<\/div>\n\t\t\t\t<\/div>\n\t\t\t\t<\/div>\n\t\t\t\t\t<\/div>\n\t\t<\/div>\n\t\t\t\t\t<\/div>\n\t\t<\/section>\n\t\t<div class=\"elementor-element elementor-element-ddb7e09 e-flex e-con-boxed e-con e-parent\" data-id=\"ddb7e09\" data-element_type=\"container\" data-settings=\"{&quot;background_background&quot;:&quot;classic&quot;,&quot;content_width&quot;:&quot;boxed&quot;}\" data-core-v316-plus=\"true\">\n\t\t\t\t\t<div class=\"e-con-inner\">\n\t\t<div class=\"elementor-element elementor-element-345315b6 e-con-full e-flex e-con e-child\" data-id=\"345315b6\" data-element_type=\"container\" data-settings=\"{&quot;content_width&quot;:&quot;full&quot;}\">\n\t\t\t\t<div class=\"elementor-element elementor-element-547a0d86 elementor-invisible elementor-widget elementor-widget-image\" data-id=\"547a0d86\" data-element_type=\"widget\" data-settings=\"{&quot;_animation&quot;:&quot;fadeIn&quot;}\" data-widget_type=\"image.default\">\n\t\t\t\t<div class=\"elementor-widget-container\">\n\t\t\t<style>\/*! elementor - v3.19.0 - 05-02-2024 *\/\n.elementor-widget-image{text-align:center}.elementor-widget-image a{display:inline-block}.elementor-widget-image a img[src$=\".svg\"]{width:48px}.elementor-widget-image img{vertical-align:middle;display:inline-block}<\/style>\t\t\t\t\t\t\t\t\t\t<img fetchpriority=\"high\" decoding=\"async\" width=\"2560\" height=\"1707\" src=\"https:\/\/bootcamp.invest-e-capital.com\/wp-content\/uploads\/2023\/09\/erika-conferencia-scaled.jpg\" class=\"attachment-full size-full wp-image-1265\" alt=\"\" srcset=\"https:\/\/bootcamp.invest-e-capital.com\/wp-content\/uploads\/2023\/09\/erika-conferencia-scaled.jpg 2560w, https:\/\/bootcamp.invest-e-capital.com\/wp-content\/uploads\/2023\/09\/erika-conferencia-300x200.jpg 300w, https:\/\/bootcamp.invest-e-capital.com\/wp-content\/uploads\/2023\/09\/erika-conferencia-1024x683.jpg 1024w, https:\/\/bootcamp.invest-e-capital.com\/wp-content\/uploads\/2023\/09\/erika-conferencia-768x512.jpg 768w, https:\/\/bootcamp.invest-e-capital.com\/wp-content\/uploads\/2023\/09\/erika-conferencia-1536x1024.jpg 1536w, https:\/\/bootcamp.invest-e-capital.com\/wp-content\/uploads\/2023\/09\/erika-conferencia-2048x1365.jpg 2048w, https:\/\/bootcamp.invest-e-capital.com\/wp-content\/uploads\/2023\/09\/erika-conferencia-600x400.jpg 600w\" sizes=\"(max-width: 2560px) 100vw, 2560px\" \/>\t\t\t\t\t\t\t\t\t\t\t\t\t<\/div>\n\t\t\t\t<\/div>\n\t\t\t\t<div class=\"elementor-element elementor-element-51cc1983 elementor-invisible elementor-widget elementor-widget-image\" data-id=\"51cc1983\" data-element_type=\"widget\" data-settings=\"{&quot;_animation&quot;:&quot;fadeIn&quot;,&quot;_animation_delay&quot;:200}\" data-widget_type=\"image.default\">\n\t\t\t\t<div class=\"elementor-widget-container\">\n\t\t\t\t\t\t\t\t\t\t\t\t\t<img decoding=\"async\" width=\"800\" height=\"844\" src=\"https:\/\/bootcamp.invest-e-capital.com\/wp-content\/uploads\/2023\/09\/ESTUDIANTE-FINAL5-scaled-e1694981177213-971x1024.jpg\" class=\"attachment-large size-large wp-image-1270\" alt=\"\" srcset=\"https:\/\/bootcamp.invest-e-capital.com\/wp-content\/uploads\/2023\/09\/ESTUDIANTE-FINAL5-scaled-e1694981177213-971x1024.jpg 971w, https:\/\/bootcamp.invest-e-capital.com\/wp-content\/uploads\/2023\/09\/ESTUDIANTE-FINAL5-scaled-e1694981177213-284x300.jpg 284w, https:\/\/bootcamp.invest-e-capital.com\/wp-content\/uploads\/2023\/09\/ESTUDIANTE-FINAL5-scaled-e1694981177213-768x810.jpg 768w, https:\/\/bootcamp.invest-e-capital.com\/wp-content\/uploads\/2023\/09\/ESTUDIANTE-FINAL5-scaled-e1694981177213-1456x1536.jpg 1456w, https:\/\/bootcamp.invest-e-capital.com\/wp-content\/uploads\/2023\/09\/ESTUDIANTE-FINAL5-scaled-e1694981177213-600x633.jpg 600w, https:\/\/bootcamp.invest-e-capital.com\/wp-content\/uploads\/2023\/09\/ESTUDIANTE-FINAL5-scaled-e1694981177213.jpg 1706w\" sizes=\"(max-width: 800px) 100vw, 800px\" \/>\t\t\t\t\t\t\t\t\t\t\t\t\t<\/div>\n\t\t\t\t<\/div>\n\t\t\t\t<\/div>\n\t\t<div class=\"elementor-element elementor-element-751de3e2 e-con-full e-flex e-con e-child\" data-id=\"751de3e2\" data-element_type=\"container\" data-settings=\"{&quot;content_width&quot;:&quot;full&quot;}\">\n\t\t\t\t<div class=\"elementor-element elementor-element-57a99c0a elementor-invisible elementor-widget elementor-widget-image\" data-id=\"57a99c0a\" data-element_type=\"widget\" data-settings=\"{&quot;_animation&quot;:&quot;fadeIn&quot;,&quot;_animation_delay&quot;:400}\" data-widget_type=\"image.default\">\n\t\t\t\t<div class=\"elementor-widget-container\">\n\t\t\t\t\t\t\t\t\t\t\t\t\t<img decoding=\"async\" width=\"800\" height=\"534\" src=\"https:\/\/bootcamp.invest-e-capital.com\/wp-content\/uploads\/2023\/09\/camilo-final1-1024x683.jpg\" class=\"attachment-large size-large wp-image-1266\" alt=\"\" srcset=\"https:\/\/bootcamp.invest-e-capital.com\/wp-content\/uploads\/2023\/09\/camilo-final1-1024x683.jpg 1024w, https:\/\/bootcamp.invest-e-capital.com\/wp-content\/uploads\/2023\/09\/camilo-final1-300x200.jpg 300w, https:\/\/bootcamp.invest-e-capital.com\/wp-content\/uploads\/2023\/09\/camilo-final1-768x512.jpg 768w, https:\/\/bootcamp.invest-e-capital.com\/wp-content\/uploads\/2023\/09\/camilo-final1-1536x1024.jpg 1536w, https:\/\/bootcamp.invest-e-capital.com\/wp-content\/uploads\/2023\/09\/camilo-final1-2048x1365.jpg 2048w, https:\/\/bootcamp.invest-e-capital.com\/wp-content\/uploads\/2023\/09\/camilo-final1-600x400.jpg 600w\" sizes=\"(max-width: 800px) 100vw, 800px\" \/>\t\t\t\t\t\t\t\t\t\t\t\t\t<\/div>\n\t\t\t\t<\/div>\n\t\t\t\t<div class=\"elementor-element elementor-element-6d556a33 elementor-invisible elementor-widget elementor-widget-image\" data-id=\"6d556a33\" data-element_type=\"widget\" data-settings=\"{&quot;_animation&quot;:&quot;fadeIn&quot;,&quot;_animation_delay&quot;:600}\" data-widget_type=\"image.default\">\n\t\t\t\t<div class=\"elementor-widget-container\">\n\t\t\t\t\t\t\t\t\t\t\t\t\t<img loading=\"lazy\" decoding=\"async\" width=\"800\" height=\"800\" src=\"https:\/\/bootcamp.invest-e-capital.com\/wp-content\/uploads\/2023\/09\/9E4799CC-71B9-4B3F-B988-D41430E993CE-1024x1024.jpg\" class=\"attachment-large size-large wp-image-1262\" alt=\"\" srcset=\"https:\/\/bootcamp.invest-e-capital.com\/wp-content\/uploads\/2023\/09\/9E4799CC-71B9-4B3F-B988-D41430E993CE-1024x1024.jpg 1024w, https:\/\/bootcamp.invest-e-capital.com\/wp-content\/uploads\/2023\/09\/9E4799CC-71B9-4B3F-B988-D41430E993CE-300x300.jpg 300w, https:\/\/bootcamp.invest-e-capital.com\/wp-content\/uploads\/2023\/09\/9E4799CC-71B9-4B3F-B988-D41430E993CE-150x150.jpg 150w, https:\/\/bootcamp.invest-e-capital.com\/wp-content\/uploads\/2023\/09\/9E4799CC-71B9-4B3F-B988-D41430E993CE-768x768.jpg 768w, https:\/\/bootcamp.invest-e-capital.com\/wp-content\/uploads\/2023\/09\/9E4799CC-71B9-4B3F-B988-D41430E993CE-600x600.jpg 600w, https:\/\/bootcamp.invest-e-capital.com\/wp-content\/uploads\/2023\/09\/9E4799CC-71B9-4B3F-B988-D41430E993CE-100x100.jpg 100w, https:\/\/bootcamp.invest-e-capital.com\/wp-content\/uploads\/2023\/09\/9E4799CC-71B9-4B3F-B988-D41430E993CE.jpg 1440w\" sizes=\"(max-width: 800px) 100vw, 800px\" \/>\t\t\t\t\t\t\t\t\t\t\t\t\t<\/div>\n\t\t\t\t<\/div>\n\t\t\t\t<\/div>\n\t\t<div class=\"elementor-element elementor-element-63eb0040 e-con-full e-flex e-con e-child\" data-id=\"63eb0040\" data-element_type=\"container\" data-settings=\"{&quot;content_width&quot;:&quot;full&quot;}\">\n\t\t\t\t<div class=\"elementor-element elementor-element-613058c2 elementor-cta--layout-image-right elementor-cta--valign-middle elementor-cta--mobile-layout-image-above elementor-cta--skin-classic elementor-animated-content elementor-widget elementor-widget-call-to-action\" data-id=\"613058c2\" data-element_type=\"widget\" data-widget_type=\"call-to-action.default\">\n\t\t\t\t<div class=\"elementor-widget-container\">\n\t\t\t<link rel=\"stylesheet\" href=\"https:\/\/bootcamp.invest-e-capital.com\/wp-content\/plugins\/elementor-pro\/assets\/css\/widget-call-to-action.min.css\">\t\t<div class=\"elementor-cta\">\n\t\t\t\t\t\t\t<div class=\"elementor-cta__content\">\n\t\t\t\t\n\t\t\t\t<h2 class=\"elementor-cta__title elementor-cta__content-item elementor-content-item\">Ap\u00fantate a la lista de espera<\/h2>\n\t\t\t\t\t\t\t\t\t<div class=\"elementor-cta__description elementor-cta__content-item elementor-content-item\">\n\t\t\t\t\t\tNo te pierdas el pr\u00f3ximo en el 2024\t\t\t\t\t<\/div>\n\t\t\t\t\n\t\t\t\t\t\t\t\t\t<div class=\"elementor-cta__button-wrapper elementor-cta__content-item elementor-content-item \">\n\t\t\t\t\t<a class=\"elementor-cta__button elementor-button elementor-size-md\" href=\"https:\/\/getformly.app\/37ODxi\">\n\t\t\t\t\t\tApuntarme a la lista\t\t\t\t\t<\/a>\n\t\t\t\t\t<\/div>\n\t\t\t\t\t\t\t<\/div>\n\t\t\t\t\t\t<\/div>\n\t\t\t\t<\/div>\n\t\t\t\t<\/div>\n\t\t\t\t<\/div>\n\t\t\t\t\t<\/div>\n\t\t\t\t<\/div>\n\t\t\t\t<\/div>\n\t\t","protected":false},"excerpt":{"rendered":"<p>El evento ha finalizado puedes obtener la grabaci\u00f3n completa ahora por tiempo limitado Obtener grabaci\u00f3n Ap\u00fantate a la lista de espera No te pierdas el pr\u00f3ximo en el 2024 Apuntarme a la lista<\/p>\n","protected":false},"author":1,"featured_media":0,"parent":0,"menu_order":0,"comment_status":"closed","ping_status":"closed","template":"elementor_header_footer","meta":{"footnotes":""},"class_list":["post-63","page","type-page","status-publish","hentry"],"_links":{"self":[{"href":"https:\/\/bootcamp.invest-e-capital.com\/index.php?rest_route=\/wp\/v2\/pages\/63","targetHints":{"allow":["GET"]}}],"collection":[{"href":"https:\/\/bootcamp.invest-e-capital.com\/index.php?rest_route=\/wp\/v2\/pages"}],"about":[{"href":"https:\/\/bootcamp.invest-e-capital.com\/index.php?rest_route=\/wp\/v2\/types\/page"}],"author":[{"embeddable":true,"href":"https:\/\/bootcamp.invest-e-capital.com\/index.php?rest_route=\/wp\/v2\/users\/1"}],"replies":[{"embeddable":true,"href":"https:\/\/bootcamp.invest-e-capital.com\/index.php?rest_route=%2Fwp%2Fv2%2Fcomments&post=63"}],"version-history":[{"count":24,"href":"https:\/\/bootcamp.invest-e-capital.com\/index.php?rest_route=\/wp\/v2\/pages\/63\/revisions"}],"predecessor-version":[{"id":1292,"href":"https:\/\/bootcamp.invest-e-capital.com\/index.php?rest_route=\/wp\/v2\/pages\/63\/revisions\/1292"}],"wp:attachment":[{"href":"https:\/\/bootcamp.invest-e-capital.com\/index.php?rest_route=%2Fwp%2Fv2%2Fmedia&parent=63"}],"curies":[{"name":"wp","href":"https:\/\/api.w.org\/{rel}","templated":true}]}}